{"id":74,"date":"2026-01-05T03:05:22","date_gmt":"2026-01-05T00:05:22","guid":{"rendered":"https:\/\/dnrtekstil.com.tr\/trendschmuckhaus\/?post_type=product&#038;p=74"},"modified":"2026-01-05T03:05:52","modified_gmt":"2026-01-05T00:05:52","slug":"044-karat-diamant-saphir-ring","status":"publish","type":"product","link":"https:\/\/trendschmuckhaus.com\/index.php\/product\/044-karat-diamant-saphir-ring\/","title":{"rendered":"0,44 Karat Diamant-Saphir-Ring"},"content":{"rendered":"<p>Der Stein der Eleganz, Ehrlichkeit und Treue\u2026 Auch bekannt als der \u201eStein der Legenden\u201c, gilt er seit der Antike als Symbol f\u00fcr Ernsthaftigkeit, Hingabe und Treue. Daher wurden Saphire oft in Verlobungsringen als Zeichen von Treue, Vertrauen und Ehrlichkeit verwendet. So war beispielsweise Prinzessin Dianas Verlobungsring ein 18-kar\u00e4tiger Saphir, umgeben von 14 Diamanten. Im Osten gilt der Saphir als Talisman und soll seinem Tr\u00e4ger auch heute noch Wohlstand bringen und ihn vor dem B\u00f6sen sch\u00fctzen. Der Name Saphir bedeutet im Griechischen \u201esch\u00f6nes Ding\u201c. Im alten \u00c4gypten war der Saphir ein Symbol der Wahrheit. In Indien galt er als Zeichen des Reichtums und der Macht der Maharadschas.<\/p>\n<p>Ph\u00f6nix<br \/>\nDiese Designs, benannt nach dem legend\u00e4ren Feuervogel Ph\u00f6nix, spiegeln das harmonische Zusammenspiel farbenpr\u00e4chtiger Edelsteine \u200b\u200bwie Smaragde, Saphire, Rubine und Diamanten wider. Der Ph\u00f6nix, in der persischen Mythologie Simurg und in der t\u00fcrkischen Z\u00fcmr\u00fcd\u00fc Anka genannt, erscheint in den Legenden vieler V\u00f6lker mit Augen, die wie Sterne leuchten. Er hat farbenpr\u00e4chtige Federn und einen Schwanz, dessen Farbe je nach Legende variiert \u2013 rot, blau oder gr\u00fcn. Er lebt sehr lange, 500 bis 1000 Jahre, und gegen Ende seines Lebens baut er sich ein Nest aus Zweigen und z\u00fcndet es an. Er verbrennt mit dem Nest und wird aus seiner Asche wiedergeboren. Dies wiederholt sich ewig. Diamanten, Symbole ewiger Liebe, umgeben Saphire, Rubine und Smaragde, deren Farbe vom Schwanz des Ph\u00f6nix stammt und so Unsterblichkeit und Best\u00e4ndigkeit unterstreicht.<\/p>\n","protected":false},"excerpt":{"rendered":"<p>Der Stein der Eleganz, Ehrlichkeit und Treue\u2026 Auch bekannt als der \u201eStein der Legenden\u201c, gilt er seit der Antike als Symbol f\u00fcr Ernsthaftigkeit, Hingabe und Treue. Daher wurden Saphire oft in Verlobungsringen als Zeichen von Treue, Vertrauen und Ehrlichkeit verwendet. So war beispielsweise Prinzessin Dianas Verlobungsring ein 18-kar\u00e4tiger Saphir, umgeben von 14 Diamanten. Im Osten [&#8230;]\n","protected":false},"featured_media":75,"comment_status":"open","ping_status":"closed","template":"","meta":[],"product_brand":[],"product_cat":[16],"product_tag":[],"class_list":{"0":"post-74","1":"product","2":"type-product","3":"status-publish","4":"has-post-thumbnail","6":"product_cat-diamantringe","8":"first","9":"instock","10":"shipping-taxable","11":"purchasable","12":"product-type-simple"},"_links":{"self":[{"href":"https:\/\/trendschmuckhaus.com\/index.php\/wp-json\/wp\/v2\/product\/74","targetHints":{"allow":["GET"]}}],"collection":[{"href":"https:\/\/trendschmuckhaus.com\/index.php\/wp-json\/wp\/v2\/product"}],"about":[{"href":"https:\/\/trendschmuckhaus.com\/index.php\/wp-json\/wp\/v2\/types\/product"}],"replies":[{"embeddable":true,"href":"https:\/\/trendschmuckhaus.com\/index.php\/wp-json\/wp\/v2\/comments?post=74"}],"wp:featuredmedia":[{"embeddable":true,"href":"https:\/\/trendschmuckhaus.com\/index.php\/wp-json\/wp\/v2\/media\/75"}],"wp:attachment":[{"href":"https:\/\/trendschmuckhaus.com\/index.php\/wp-json\/wp\/v2\/media?parent=74"}],"wp:term":[{"taxonomy":"product_brand","embeddable":true,"href":"https:\/\/trendschmuckhaus.com\/index.php\/wp-json\/wp\/v2\/product_brand?post=74"},{"taxonomy":"product_cat","embeddable":true,"href":"https:\/\/trendschmuckhaus.com\/index.php\/wp-json\/wp\/v2\/product_cat?post=74"},{"taxonomy":"product_tag","embeddable":true,"href":"https:\/\/trendschmuckhaus.com\/index.php\/wp-json\/wp\/v2\/product_tag?post=74"}],"curies":[{"name":"wp","href":"https:\/\/api.w.org\/{rel}","templated":true}]}}