{"id":79,"date":"2026-01-05T03:49:08","date_gmt":"2026-01-05T00:49:08","guid":{"rendered":"https:\/\/dnrtekstil.com.tr\/trendschmuckhaus\/?post_type=product&#038;p=79"},"modified":"2026-01-05T03:55:32","modified_gmt":"2026-01-05T00:55:32","slug":"halskette-mit-032-karat-diamanten-und-smaragden","status":"publish","type":"product","link":"https:\/\/trendschmuckhaus.com\/index.php\/product\/halskette-mit-032-karat-diamanten-und-smaragden\/","title":{"rendered":"Halskette mit 0,32 Karat Diamanten und Smaragden"},"content":{"rendered":"<p>PHENIX<br \/>\nBenannt nach dem legend\u00e4ren Feuervogel Ph\u00f6nix, spiegeln diese Designs das harmonische Zusammenspiel farbenpr\u00e4chtiger Edelsteine \u200b\u200bwie Smaragde, Saphire, Rubine und Diamanten wider. Der Ph\u00f6nix, in der persischen Mythologie als Simurg und in der t\u00fcrkischen als Z\u00fcmr\u00fcd\u00fc Anka bekannt, erscheint in den Legenden vieler V\u00f6lker. Seine Augen leuchten wie Sterne. Er hat ein farbenpr\u00e4chtiges Gefieder und einen Schwanz, dessen Farbe je nach Legende variiert \u2013 rot, blau oder gr\u00fcn. Er lebt ein sehr langes Leben von 500 bis 1000 Jahren und baut sich gegen Ende seines Lebens ein Nest aus Zweigen, das er in Brand setzt. Er verbrennt mit dem Nest und wird aus seiner Asche wiedergeboren. Dies setzt sich in Ewigkeit fort. Diamanten, Symbole ewiger Liebe, umgeben Saphire, Rubine und Smaragde, deren Farbe vom Schwanz des Ph\u00f6nix stammt und so Unsterblichkeit und Best\u00e4ndigkeit betont.<\/p>\n","protected":false},"excerpt":{"rendered":"<p>PHENIX Benannt nach dem legend\u00e4ren Feuervogel Ph\u00f6nix, spiegeln diese Designs das harmonische Zusammenspiel farbenpr\u00e4chtiger Edelsteine \u200b\u200bwie Smaragde, Saphire, Rubine und Diamanten wider. Der Ph\u00f6nix, in der persischen Mythologie als Simurg und in der t\u00fcrkischen als Z\u00fcmr\u00fcd\u00fc Anka bekannt, erscheint in den Legenden vieler V\u00f6lker. Seine Augen leuchten wie Sterne. Er hat ein farbenpr\u00e4chtiges Gefieder und [&#8230;]\n","protected":false},"featured_media":87,"comment_status":"open","ping_status":"closed","template":"","meta":[],"product_brand":[],"product_cat":[17],"product_tag":[],"class_list":{"0":"post-79","1":"product","2":"type-product","3":"status-publish","4":"has-post-thumbnail","6":"product_cat-diamantketten","8":"first","9":"instock","10":"shipping-taxable","11":"purchasable","12":"product-type-simple"},"_links":{"self":[{"href":"https:\/\/trendschmuckhaus.com\/index.php\/wp-json\/wp\/v2\/product\/79","targetHints":{"allow":["GET"]}}],"collection":[{"href":"https:\/\/trendschmuckhaus.com\/index.php\/wp-json\/wp\/v2\/product"}],"about":[{"href":"https:\/\/trendschmuckhaus.com\/index.php\/wp-json\/wp\/v2\/types\/product"}],"replies":[{"embeddable":true,"href":"https:\/\/trendschmuckhaus.com\/index.php\/wp-json\/wp\/v2\/comments?post=79"}],"wp:featuredmedia":[{"embeddable":true,"href":"https:\/\/trendschmuckhaus.com\/index.php\/wp-json\/wp\/v2\/media\/87"}],"wp:attachment":[{"href":"https:\/\/trendschmuckhaus.com\/index.php\/wp-json\/wp\/v2\/media?parent=79"}],"wp:term":[{"taxonomy":"product_brand","embeddable":true,"href":"https:\/\/trendschmuckhaus.com\/index.php\/wp-json\/wp\/v2\/product_brand?post=79"},{"taxonomy":"product_cat","embeddable":true,"href":"https:\/\/trendschmuckhaus.com\/index.php\/wp-json\/wp\/v2\/product_cat?post=79"},{"taxonomy":"product_tag","embeddable":true,"href":"https:\/\/trendschmuckhaus.com\/index.php\/wp-json\/wp\/v2\/product_tag?post=79"}],"curies":[{"name":"wp","href":"https:\/\/api.w.org\/{rel}","templated":true}]}}