{"id":80,"date":"2026-01-05T03:52:28","date_gmt":"2026-01-05T00:52:28","guid":{"rendered":"https:\/\/dnrtekstil.com.tr\/trendschmuckhaus\/?post_type=product&#038;p=80"},"modified":"2026-01-05T03:52:28","modified_gmt":"2026-01-05T00:52:28","slug":"066-karat-diamant-smaragd-ohrringe","status":"publish","type":"product","link":"https:\/\/trendschmuckhaus.com\/index.php\/product\/066-karat-diamant-smaragd-ohrringe\/","title":{"rendered":"0,66 Karat Diamant-Smaragd-Ohrringe"},"content":{"rendered":"<p>Der Stein des \u00dcberflusses, des Reichtums und der Liebe\u2026 Der Smaragd, mit seiner gr\u00fcnen Farbe, wirkt auf das Herzchakra und schenkt Frieden und Ruhe. Er gilt als \u201eStein der Kraft\u201c und sorgt f\u00fcr k\u00f6rperliches, spirituelles und emotionales Gleichgewicht. Man sagt ihm nach, spirituelle Entwicklung, Kommunikation, Freude, Romantik, Harmonie und Zusammenhalt zu f\u00f6rdern.<\/p>\n<p>Ph\u00f6nix<br \/>\nDiese Designs, benannt nach dem legend\u00e4ren Feuervogel Ph\u00f6nix, spiegeln das harmonische Zusammenspiel farbenpr\u00e4chtiger Edelsteine \u200b\u200bwie Smaragd, Saphir, Rubin und Diamant wider. Der Ph\u00f6nix, in der persischen Mythologie als Simurg und in der t\u00fcrkischen als Z\u00fcmr\u00fcd\u00fc Anka bekannt, erscheint in den Legenden vieler V\u00f6lker. Seine Augen leuchten wie Sterne. Er hat farbenpr\u00e4chtige Federn und einen Schwanz, dessen Farbe je nach Legende rot, blau oder gr\u00fcn wechselt. Er lebt sehr lange, 500 bis 1000 Jahre, und gegen Ende seines Lebens baut er sich ein Nest aus Zweigen und z\u00fcndet es an. Er verbrennt mit dem Nest und wird aus seiner Asche wiedergeboren. Dies setzt sich in alle Ewigkeit fort. Diamanten, Symbole ewiger Liebe, umgeben Saphire, Rubine und Smaragde \u2013 deren Farbe vom Schwanz des Ph\u00f6nix abgeleitet ist \u2013 und betonen so Unsterblichkeit und Best\u00e4ndigkeit.<\/p>\n","protected":false},"excerpt":{"rendered":"<p>Der Stein des \u00dcberflusses, des Reichtums und der Liebe\u2026 Der Smaragd, mit seiner gr\u00fcnen Farbe, wirkt auf das Herzchakra und schenkt Frieden und Ruhe. Er gilt als \u201eStein der Kraft\u201c und sorgt f\u00fcr k\u00f6rperliches, spirituelles und emotionales Gleichgewicht. Man sagt ihm nach, spirituelle Entwicklung, Kommunikation, Freude, Romantik, Harmonie und Zusammenhalt zu f\u00f6rdern. Ph\u00f6nix Diese Designs, [&#8230;]\n","protected":false},"featured_media":82,"comment_status":"open","ping_status":"closed","template":"","meta":[],"product_brand":[],"product_cat":[18],"product_tag":[],"class_list":{"0":"post-80","1":"product","2":"type-product","3":"status-publish","4":"has-post-thumbnail","6":"product_cat-diamantohrringe","8":"first","9":"instock","10":"shipping-taxable","11":"purchasable","12":"product-type-simple"},"_links":{"self":[{"href":"https:\/\/trendschmuckhaus.com\/index.php\/wp-json\/wp\/v2\/product\/80","targetHints":{"allow":["GET"]}}],"collection":[{"href":"https:\/\/trendschmuckhaus.com\/index.php\/wp-json\/wp\/v2\/product"}],"about":[{"href":"https:\/\/trendschmuckhaus.com\/index.php\/wp-json\/wp\/v2\/types\/product"}],"replies":[{"embeddable":true,"href":"https:\/\/trendschmuckhaus.com\/index.php\/wp-json\/wp\/v2\/comments?post=80"}],"wp:featuredmedia":[{"embeddable":true,"href":"https:\/\/trendschmuckhaus.com\/index.php\/wp-json\/wp\/v2\/media\/82"}],"wp:attachment":[{"href":"https:\/\/trendschmuckhaus.com\/index.php\/wp-json\/wp\/v2\/media?parent=80"}],"wp:term":[{"taxonomy":"product_brand","embeddable":true,"href":"https:\/\/trendschmuckhaus.com\/index.php\/wp-json\/wp\/v2\/product_brand?post=80"},{"taxonomy":"product_cat","embeddable":true,"href":"https:\/\/trendschmuckhaus.com\/index.php\/wp-json\/wp\/v2\/product_cat?post=80"},{"taxonomy":"product_tag","embeddable":true,"href":"https:\/\/trendschmuckhaus.com\/index.php\/wp-json\/wp\/v2\/product_tag?post=80"}],"curies":[{"name":"wp","href":"https:\/\/api.w.org\/{rel}","templated":true}]}}