{"id":90,"date":"2026-01-05T04:01:43","date_gmt":"2026-01-05T01:01:43","guid":{"rendered":"https:\/\/dnrtekstil.com.tr\/trendschmuckhaus\/?post_type=product&#038;p=90"},"modified":"2026-01-05T05:12:34","modified_gmt":"2026-01-05T02:12:34","slug":"029-karat-diamant-saphir-unendlichkeitskette","status":"publish","type":"product","link":"https:\/\/trendschmuckhaus.com\/index.php\/product\/029-karat-diamant-saphir-unendlichkeitskette\/","title":{"rendered":"0,29 Karat Diamant-Saphir-Unendlichkeitskette"},"content":{"rendered":"<p>Der Stein der Eleganz, Ehrlichkeit und Treue\u2026 Auch bekannt als der \u201eStein der Legenden\u201c, gilt er seit der Antike als Symbol f\u00fcr Ernsthaftigkeit, Hingabe und Treue. Daher wurden Saphire oft in Verlobungsringen als Zeichen von Treue, Vertrauen und Ehrlichkeit verwendet. So war beispielsweise Prinzessin Dianas Verlobungsring ein 18-kar\u00e4tiger Saphirring, umgeben von 14 Diamanten. Im Osten gilt der Saphir als Talisman und soll seinem Tr\u00e4ger auch heute noch Wohlstand bringen und ihn vor dem B\u00f6sen sch\u00fctzen. Der Name Saphir bedeutet im Griechischen \u201esch\u00f6nes Ding\u201c. Im alten \u00c4gypten war der Saphir ein Symbol der Wahrheit. In Indien galt er als Zeichen des Reichtums und der Macht der Maharadschas.<\/p>\n","protected":false},"excerpt":{"rendered":"<p>Der Stein der Eleganz, Ehrlichkeit und Treue\u2026 Auch bekannt als der \u201eStein der Legenden\u201c, gilt er seit der Antike als Symbol f\u00fcr Ernsthaftigkeit, Hingabe und Treue. Daher wurden Saphire oft in Verlobungsringen als Zeichen von Treue, Vertrauen und Ehrlichkeit verwendet. So war beispielsweise Prinzessin Dianas Verlobungsring ein 18-kar\u00e4tiger Saphirring, umgeben von 14 Diamanten. Im Osten [&#8230;]\n","protected":false},"featured_media":91,"comment_status":"open","ping_status":"closed","template":"","meta":[],"product_brand":[],"product_cat":[21,23],"product_tag":[],"class_list":{"0":"post-90","1":"product","2":"type-product","3":"status-publish","4":"has-post-thumbnail","6":"product_cat-diamantsets","7":"product_cat-forevermark","9":"first","10":"instock","11":"shipping-taxable","12":"purchasable","13":"product-type-simple"},"_links":{"self":[{"href":"https:\/\/trendschmuckhaus.com\/index.php\/wp-json\/wp\/v2\/product\/90","targetHints":{"allow":["GET"]}}],"collection":[{"href":"https:\/\/trendschmuckhaus.com\/index.php\/wp-json\/wp\/v2\/product"}],"about":[{"href":"https:\/\/trendschmuckhaus.com\/index.php\/wp-json\/wp\/v2\/types\/product"}],"replies":[{"embeddable":true,"href":"https:\/\/trendschmuckhaus.com\/index.php\/wp-json\/wp\/v2\/comments?post=90"}],"wp:featuredmedia":[{"embeddable":true,"href":"https:\/\/trendschmuckhaus.com\/index.php\/wp-json\/wp\/v2\/media\/91"}],"wp:attachment":[{"href":"https:\/\/trendschmuckhaus.com\/index.php\/wp-json\/wp\/v2\/media?parent=90"}],"wp:term":[{"taxonomy":"product_brand","embeddable":true,"href":"https:\/\/trendschmuckhaus.com\/index.php\/wp-json\/wp\/v2\/product_brand?post=90"},{"taxonomy":"product_cat","embeddable":true,"href":"https:\/\/trendschmuckhaus.com\/index.php\/wp-json\/wp\/v2\/product_cat?post=90"},{"taxonomy":"product_tag","embeddable":true,"href":"https:\/\/trendschmuckhaus.com\/index.php\/wp-json\/wp\/v2\/product_tag?post=90"}],"curies":[{"name":"wp","href":"https:\/\/api.w.org\/{rel}","templated":true}]}}